{"id":172,"date":"2024-06-20T05:19:47","date_gmt":"2024-06-20T05:19:47","guid":{"rendered":"https:\/\/prismacartaodesaude.com.br\/?page_id=172"},"modified":"2024-06-23T00:35:09","modified_gmt":"2024-06-23T00:35:09","slug":"home","status":"publish","type":"page","link":"https:\/\/prismacartaodesaude.com.br\/?page_id=172","title":{"rendered":"EMPRESA"},"content":{"rendered":"\n<div class=\"wp-block-group\"><div class=\"wp-block-group__inner-container is-layout-constrained wp-block-group-is-layout-constrained\">\n<p class=\"has-medium-font-size\">Nosso objetivo desde o in\u00edcio, em 1992, foi o de proporcionar melhor qualidade de vida a popula\u00e7\u00e3o capixaba atrav\u00e9s da sa\u00fade.<\/p>\n\n\n\n<p class=\"has-medium-font-size\">Hoje temos o orgulho de estarmos presentes nas principais cidades do estado e beneficiarmos mais de&nbsp;<strong>37.600<\/strong>&nbsp;<strong>Clientes-Amigos<\/strong>. S\u00e3o eles que confiam e aprovam o nosso trabalho e multiplicam nossas ideias por todo o Estado.<\/p>\n\n\n\n<p class=\"has-medium-font-size\">Um trabalho n\u00e3o precisa ser grande para ser um grande trabalho. Ele precisa ter qualidade. Com a nossa&nbsp;<strong>Determina\u00e7\u00e3o<\/strong>&nbsp;e a&nbsp;<strong>Confian\u00e7a<\/strong>&nbsp;dos nossos&nbsp;<strong>Clientes-Amigos&nbsp;<\/strong>estamos conseguindo ir cada dia mais longe.<\/p>\n\n\n\n<p class=\"has-medium-font-size\">Nossa empresa est\u00e1 sempre trabalhando para atend\u00ea-lo cada vez melhor, trazendo servi\u00e7os que sejam mais adequados a sua necessidade e de seus familiares. Estamos em constantes mudan\u00e7as, para tornar o que \u00e9 bom ainda melhor, pois estamos na busca de fazer hoje melhor que ontem, e amanh\u00e3 certamente melhor do que hoje.<\/p>\n<\/div><\/div>\n\n\n\n<p><\/p>\n","protected":false},"excerpt":{"rendered":"<p>Nosso objetivo desde o in\u00edcio, em 1992, foi o de proporcionar melhor qualidade de vida a popula\u00e7\u00e3o capixaba atrav\u00e9s da sa\u00fade. Hoje temos o orgulho de estarmos presentes nas principais cidades do estado e beneficiarmos mais de&nbsp;37.600&nbsp;Clientes-Amigos. S\u00e3o eles que confiam e aprovam o nosso trabalho e multiplicam nossas ideias por todo o Estado. Um [&hellip;]<\/p>\n","protected":false},"author":1,"featured_media":0,"parent":0,"menu_order":0,"comment_status":"closed","ping_status":"closed","template":"templates\/template-page-full-width.php","meta":{"_siteseo_robots_primary_cat":"","footnotes":""},"class_list":["post-172","page","type-page","status-publish","hentry"],"_links":{"self":[{"href":"https:\/\/prismacartaodesaude.com.br\/index.php?rest_route=\/wp\/v2\/pages\/172","targetHints":{"allow":["GET"]}}],"collection":[{"href":"https:\/\/prismacartaodesaude.com.br\/index.php?rest_route=\/wp\/v2\/pages"}],"about":[{"href":"https:\/\/prismacartaodesaude.com.br\/index.php?rest_route=\/wp\/v2\/types\/page"}],"author":[{"embeddable":true,"href":"https:\/\/prismacartaodesaude.com.br\/index.php?rest_route=\/wp\/v2\/users\/1"}],"replies":[{"embeddable":true,"href":"https:\/\/prismacartaodesaude.com.br\/index.php?rest_route=%2Fwp%2Fv2%2Fcomments&post=172"}],"version-history":[{"count":25,"href":"https:\/\/prismacartaodesaude.com.br\/index.php?rest_route=\/wp\/v2\/pages\/172\/revisions"}],"predecessor-version":[{"id":485,"href":"https:\/\/prismacartaodesaude.com.br\/index.php?rest_route=\/wp\/v2\/pages\/172\/revisions\/485"}],"wp:attachment":[{"href":"https:\/\/prismacartaodesaude.com.br\/index.php?rest_route=%2Fwp%2Fv2%2Fmedia&parent=172"}],"curies":[{"name":"wp","href":"https:\/\/api.w.org\/{rel}","templated":true}]}}